{"id":799,"date":"2024-10-12T12:49:51","date_gmt":"2024-10-12T10:49:51","guid":{"rendered":"https:\/\/stop-chute-hauteur.com\/?page_id=799"},"modified":"2024-10-12T12:50:19","modified_gmt":"2024-10-12T10:50:19","slug":"lignes-de-vie-verticales","status":"publish","type":"page","link":"https:\/\/stop-chute-hauteur.com\/en\/lignes-de-vie-verticales\/","title":{"rendered":"Lignes de vie verticales"},"content":{"rendered":"<div data-elementor-type=\"wp-page\" data-elementor-id=\"799\" class=\"elementor elementor-799\" data-elementor-settings=\"{&quot;element_pack_global_tooltip_width&quot;:{&quot;unit&quot;:&quot;px&quot;,&quot;size&quot;:&quot;&quot;,&quot;sizes&quot;:[]},&quot;element_pack_global_tooltip_width_tablet&quot;:{&quot;unit&quot;:&quot;px&quot;,&quot;size&quot;:&quot;&quot;,&quot;sizes&quot;:[]},&quot;element_pack_global_tooltip_width_mobile&quot;:{&quot;unit&quot;:&quot;px&quot;,&quot;size&quot;:&quot;&quot;,&quot;sizes&quot;:[]},&quot;element_pack_global_tooltip_padding&quot;:{&quot;unit&quot;:&quot;px&quot;,&quot;top&quot;:&quot;&quot;,&quot;right&quot;:&quot;&quot;,&quot;bottom&quot;:&quot;&quot;,&quot;left&quot;:&quot;&quot;,&quot;isLinked&quot;:true},&quot;element_pack_global_tooltip_padding_tablet&quot;:{&quot;unit&quot;:&quot;px&quot;,&quot;top&quot;:&quot;&quot;,&quot;right&quot;:&quot;&quot;,&quot;bottom&quot;:&quot;&quot;,&quot;left&quot;:&quot;&quot;,&quot;isLinked&quot;:true},&quot;element_pack_global_tooltip_padding_mobile&quot;:{&quot;unit&quot;:&quot;px&quot;,&quot;top&quot;:&quot;&quot;,&quot;right&quot;:&quot;&quot;,&quot;bottom&quot;:&quot;&quot;,&quot;left&quot;:&quot;&quot;,&quot;isLinked&quot;:true},&quot;element_pack_global_tooltip_border_radius&quot;:{&quot;unit&quot;:&quot;px&quot;,&quot;top&quot;:&quot;&quot;,&quot;right&quot;:&quot;&quot;,&quot;bottom&quot;:&quot;&quot;,&quot;left&quot;:&quot;&quot;,&quot;isLinked&quot;:true},&quot;element_pack_global_tooltip_border_radius_tablet&quot;:{&quot;unit&quot;:&quot;px&quot;,&quot;top&quot;:&quot;&quot;,&quot;right&quot;:&quot;&quot;,&quot;bottom&quot;:&quot;&quot;,&quot;left&quot;:&quot;&quot;,&quot;isLinked&quot;:true},&quot;element_pack_global_tooltip_border_radius_mobile&quot;:{&quot;unit&quot;:&quot;px&quot;,&quot;top&quot;:&quot;&quot;,&quot;right&quot;:&quot;&quot;,&quot;bottom&quot;:&quot;&quot;,&quot;left&quot;:&quot;&quot;,&quot;isLinked&quot;:true}}\">\n\t\t\t\t\t\t<section class=\"elementor-section elementor-top-section elementor-element elementor-element-c16f16b elementor-section-boxed elementor-section-height-default elementor-section-height-default\" data-id=\"c16f16b\" data-element_type=\"section\">\n\t\t\t\t\t\t<div class=\"elementor-container elementor-column-gap-default\">\n\t\t\t\t\t<div class=\"elementor-column elementor-col-50 elementor-top-column elementor-element elementor-element-7fb997f\" data-id=\"7fb997f\" data-element_type=\"column\" data-settings=\"{&quot;background_background&quot;:&quot;classic&quot;}\">\n\t\t\t<div class=\"elementor-widget-wrap elementor-element-populated\">\n\t\t\t\t\t\t<div class=\"elementor-element elementor-element-e32ef6b elementor-invisible elementor-widget elementor-widget-image\" data-id=\"e32ef6b\" data-element_type=\"widget\" data-settings=\"{&quot;_animation&quot;:&quot;fadeInUp&quot;,&quot;_animation_delay&quot;:&quot;600&quot;}\" data-widget_type=\"image.default\">\n\t\t\t\t<div class=\"elementor-widget-container\">\n\t\t\t\t\t\t\t\t\t\t\t\t\t<img fetchpriority=\"high\" decoding=\"async\" width=\"822\" height=\"880\" src=\"https:\/\/stop-chute-hauteur.com\/wp-content\/uploads\/2024\/10\/1-1-1-1.jpg\" class=\"attachment-full size-full wp-image-315\" alt=\"\" srcset=\"https:\/\/stop-chute-hauteur.com\/wp-content\/uploads\/2024\/10\/1-1-1-1.jpg 822w, https:\/\/stop-chute-hauteur.com\/wp-content\/uploads\/2024\/10\/1-1-1-1-280x300.jpg 280w, https:\/\/stop-chute-hauteur.com\/wp-content\/uploads\/2024\/10\/1-1-1-1-768x822.jpg 768w, https:\/\/stop-chute-hauteur.com\/wp-content\/uploads\/2024\/10\/1-1-1-1-607x650.jpg 607w\" sizes=\"(max-width: 822px) 100vw, 822px\" \/>\t\t\t\t\t\t\t\t\t\t\t\t\t<\/div>\n\t\t\t\t<\/div>\n\t\t\t\t\t<\/div>\n\t\t<\/div>\n\t\t\t\t<div class=\"elementor-column elementor-col-50 elementor-top-column elementor-element elementor-element-7777455\" data-id=\"7777455\" data-element_type=\"column\">\n\t\t\t<div class=\"elementor-widget-wrap elementor-element-populated\">\n\t\t\t\t\t\t<div class=\"elementor-element elementor-element-f81a9ad elementor-invisible elementor-widget elementor-widget-heading\" data-id=\"f81a9ad\" data-element_type=\"widget\" data-settings=\"{&quot;_animation&quot;:&quot;fadeInUp&quot;,&quot;_animation_delay&quot;:&quot;200&quot;}\" data-widget_type=\"heading.default\">\n\t\t\t\t<div class=\"elementor-widget-container\">\n\t\t\t<h4 class=\"elementor-heading-title elementor-size-default\">The Vertical Lifeline <\/h4>\t\t<\/div>\n\t\t\t\t<\/div>\n\t\t\t\t<div class=\"elementor-element elementor-element-cda5308 elementor-invisible elementor-widget elementor-widget-text-editor\" data-id=\"cda5308\" data-element_type=\"widget\" data-settings=\"{&quot;_animation&quot;:&quot;fadeInLeft&quot;,&quot;_animation_delay&quot;:350}\" data-widget_type=\"text-editor.default\">\n\t\t\t\t<div class=\"elementor-widget-container\">\n\t\t\t\t\t\t\t<p><strong>THE VERTICAL LIFELINE<\/strong> complies with EN 353. This standard covers both the longitudinal system and the user's attachment point. EN 353 defines the requirements for rigid or flexible rope, cord or rail belay systems, whether held or not. The principle is that a shuttle slides freely on a flexible \u201ccable or rope\u201d or rigid \u201crail\u201d belay support, whether ascending or descending.\u00a0<\/p>\t\t\t\t\t\t<\/div>\n\t\t\t\t<\/div>\n\t\t\t\t<div class=\"elementor-element elementor-element-a9fcabc elementor-invisible elementor-widget elementor-widget-button\" data-id=\"a9fcabc\" data-element_type=\"widget\" data-settings=\"{&quot;_animation&quot;:&quot;fadeInRight&quot;,&quot;_animation_delay&quot;:450}\" data-widget_type=\"button.default\">\n\t\t\t\t<div class=\"elementor-widget-container\">\n\t\t\t\t\t\t\t<div class=\"elementor-button-wrapper\">\n\t\t\t\t\t<a class=\"elementor-button elementor-button-link elementor-size-sm\" href=\"https:\/\/stop-chute-hauteur.com\/en\/devis-gratuit\/\">\n\t\t\t\t\t\t<span class=\"elementor-button-content-wrapper\">\n\t\t\t\t\t\t<span class=\"elementor-button-icon\">\n\t\t\t\t<svg aria-hidden=\"true\" class=\"e-font-icon-svg e-fas-angle-right\" viewbox=\"0 0 256 512\" xmlns=\"http:\/\/www.w3.org\/2000\/svg\"><path d=\"M224.3 273l-136 136c-9.4 9.4-24.6 9.4-33.9 0l-22.6-22.6c-9.4-9.4-9.4-24.6 0-33.9l96.4-96.4-96.4-96.4c-9.4-9.4-9.4-24.6 0-33.9L54.3 103c9.4-9.4 24.6-9.4 33.9 0l136 136c9.5 9.4 9.5 24.6.1 34z\"><\/path><\/svg>\t\t\t<\/span>\n\t\t\t\t\t\t\t\t\t<span class=\"elementor-button-text\">Contact us<\/span>\n\t\t\t\t\t<\/span>\n\t\t\t\t\t<\/a>\n\t\t\t\t<\/div>\n\t\t\t\t\t\t<\/div>\n\t\t\t\t<\/div>\n\t\t\t\t\t<\/div>\n\t\t<\/div>\n\t\t\t\t\t<\/div>\n\t\t<\/section>\n\t\t\t\t<section class=\"elementor-section elementor-top-section elementor-element elementor-element-77a6b99 elementor-section-boxed elementor-section-height-default elementor-section-height-default\" data-id=\"77a6b99\" data-element_type=\"section\">\n\t\t\t\t\t\t<div class=\"elementor-container elementor-column-gap-default\">\n\t\t\t\t\t<div class=\"elementor-column elementor-col-100 elementor-top-column elementor-element elementor-element-5bf9ed4\" data-id=\"5bf9ed4\" data-element_type=\"column\" data-settings=\"{&quot;background_background&quot;:&quot;classic&quot;}\">\n\t\t\t<div class=\"elementor-widget-wrap elementor-element-populated\">\n\t\t\t\t\t<div class=\"elementor-background-overlay\"><\/div>\n\t\t\t\t\t\t<div class=\"elementor-element elementor-element-52c770f elementor-widget__width-initial elementor-invisible elementor-widget elementor-widget-heading\" data-id=\"52c770f\" data-element_type=\"widget\" data-settings=\"{&quot;_animation&quot;:&quot;fadeInDown&quot;,&quot;_animation_delay&quot;:&quot;400&quot;}\" data-widget_type=\"heading.default\">\n\t\t\t\t<div class=\"elementor-widget-container\">\n\t\t\t<h3 class=\"elementor-heading-title elementor-size-default\">Ready to guarantee the safety of your teams? <\/h3>\t\t<\/div>\n\t\t\t\t<\/div>\n\t\t\t\t<div class=\"elementor-element elementor-element-a24da55 elementor-widget__width-initial elementor-invisible elementor-widget elementor-widget-text-editor\" data-id=\"a24da55\" data-element_type=\"widget\" data-settings=\"{&quot;_animation&quot;:&quot;fadeInDown&quot;,&quot;_animation_delay&quot;:450}\" data-widget_type=\"text-editor.default\">\n\t\t\t\t<div class=\"elementor-widget-container\">\n\t\t\t\t\t\t\t<p>If you have any questions or need advice on working safely at height, please don't hesitate to contact us.<\/p>\t\t\t\t\t\t<\/div>\n\t\t\t\t<\/div>\n\t\t\t\t<div class=\"elementor-element elementor-element-bd14e69 elementor-invisible elementor-widget elementor-widget-metform\" data-id=\"bd14e69\" data-element_type=\"widget\" data-settings=\"{&quot;_animation&quot;:&quot;fadeInUp&quot;,&quot;_animation_delay&quot;:500}\" data-widget_type=\"metform.default\">\n\t\t\t\t<div class=\"elementor-widget-container\">\n\t\t\t<div id=\"mf-response-props-id-55\" data-previous-steps-style=\"\" data-editswitchopen=\"\" data-response_type=\"alert\" data-erroricon=\"fas fa-exclamation-triangle\" data-successicon=\"fas fa-check\" data-messageposition=\"top\" class=\"mf-scroll-top-no\">\r\n\t\t<div class=\"formpicker_warper formpicker_warper_editable\" data-metform-formpicker-key=\"55\" >\r\n\t\t\t\t\r\n\t\t\t<div class=\"elementor-widget-container\">\r\n\t\t\t\t\r\n\r\r\n\t\t<div\r\r\n\t\t\tid=\"metform-wrap-bd14e69-55\"\r\r\n\t\t\tclass=\"mf-form-wrapper\"\r\r\n\t\t\tdata-form-id=\"55\"\r\r\n\t\t\tdata-action=\"https:\/\/stop-chute-hauteur.com\/en\/wp-json\/metform\/v1\/entries\/insert\/55\"\r\r\n\t\t\tdata-wp-nonce=\"9841e2252b\"\r\r\n\t\t\tdata-form-nonce=\"62d13676cb\"\r\r\n\t\t\tdata-quiz-summery = \"false\"\r\r\n\t\t\tdata-save-progress = \"false\"\r\r\n\t\t\tdata-form-type=\"contact_form\"\r\r\n\t\t\tdata-stop-vertical-effect=\"\"\r\r\n\t\t\t><\/div>\r\r\n\r\r\n\r\r\n\t\t<!----------------------------- \r\r\n\t\t\t* controls_data : find the the props passed indie of data attribute\r\r\n\t\t\t* props.SubmitResponseMarkup : contains the markup of error or success message\r\r\n\t\t\t* https:\/\/developer.mozilla.org\/en-US\/docs\/Web\/JavaScript\/Reference\/Template_literals\r\r\n\t\t--------------------------- -->\r\r\n\r\r\n\t\t\r\n\t\t<script type=\"text\/mf\" class=\"mf-template\">\r\r\n\t\t\tfunction controls_data (value){\r\r\n\t\t\t\tlet currentWrapper = \"mf-response-props-id-55\";\r\r\n\t\t\t\tlet currentEl = document.getElementById(currentWrapper);\r\r\n\t\t\t\t\r\r\n\t\t\t\treturn currentEl ? currentEl.dataset[value] : false\r\r\n\t\t\t}\r\r\n\r\r\n\r\r\n\t\t\tlet is_edit_mode = '' ? true : false;\r\r\n\t\t\tlet message_position = controls_data('messageposition') || 'top';\r\r\n\r\r\n\t\t\t\r\r\n\t\t\tlet message_successIcon = controls_data('successicon') || '';\r\r\n\t\t\tlet message_errorIcon = controls_data('erroricon') || '';\r\r\n\t\t\tlet message_editSwitch = controls_data('editswitchopen') === 'yes' ? true : false;\r\r\n\t\t\tlet message_proClass = controls_data('editswitchopen') === 'yes' ? 'mf_pro_activated' : '';\r\r\n\t\t\t\r\r\n\t\t\tlet is_dummy_markup = is_edit_mode && message_editSwitch ? true : false;\r\r\n\r\r\n\t\t\t\r\r\n\t\t\treturn html`\r\r\n\t\t\t\t<form\r\r\n\t\t\t\t\tclassName=\"metform-form-content\"\r\r\n\t\t\t\t\tref=${parent.formContainerRef}\r\r\n\t\t\t\t\tonSubmit=${ validation.handleSubmit( parent.handleFormSubmit ) }\r\r\n\t\t\t\t\r\r\n\t\t\t\t\t>\r\r\n\t\t\t\r\r\n\t\t\t\r\r\n\t\t\t\t\t${is_dummy_markup ? message_position === 'top' ?  props.ResponseDummyMarkup(message_successIcon, message_proClass) : '' : ''}\r\r\n\t\t\t\t\t${is_dummy_markup ? ' ' :  message_position === 'top' ? props.SubmitResponseMarkup`${parent}${state}${message_successIcon}${message_errorIcon}${message_proClass}` : ''}\r\r\n\r\r\n\t\t\t\t\t<!--------------------------------------------------------\r\r\n\t\t\t\t\t*** IMPORTANT \/ DANGEROUS ***\r\r\n\t\t\t\t\t${html``} must be used as in immediate child of \"metform-form-main-wrapper\"\r\r\n\t\t\t\t\tclass otherwise multistep form will not run at all\r\r\n\t\t\t\t\t---------------------------------------------------------->\r\r\n\r\r\n\t\t\t\t\t<div className=\"metform-form-main-wrapper\" key=${'hide-form-after-submit'} ref=${parent.formRef}>\r\r\n\t\t\t\t\t${html`\r\r\n\t\t\t\t\t\t\t\t<div data-elementor-type=\"wp-post\" key=\"2\" data-elementor-id=\"55\" className=\"elementor elementor-55\" data-elementor-settings=\"{&quot;element_pack_global_tooltip_width&quot;:{&quot;unit&quot;:&quot;px&quot;,&quot;size&quot;:&quot;&quot;,&quot;sizes&quot;:[]},&quot;element_pack_global_tooltip_width_tablet&quot;:{&quot;unit&quot;:&quot;px&quot;,&quot;size&quot;:&quot;&quot;,&quot;sizes&quot;:[]},&quot;element_pack_global_tooltip_width_mobile&quot;:{&quot;unit&quot;:&quot;px&quot;,&quot;size&quot;:&quot;&quot;,&quot;sizes&quot;:[]},&quot;element_pack_global_tooltip_padding&quot;:{&quot;unit&quot;:&quot;px&quot;,&quot;top&quot;:&quot;&quot;,&quot;right&quot;:&quot;&quot;,&quot;bottom&quot;:&quot;&quot;,&quot;left&quot;:&quot;&quot;,&quot;isLinked&quot;:true},&quot;element_pack_global_tooltip_padding_tablet&quot;:{&quot;unit&quot;:&quot;px&quot;,&quot;top&quot;:&quot;&quot;,&quot;right&quot;:&quot;&quot;,&quot;bottom&quot;:&quot;&quot;,&quot;left&quot;:&quot;&quot;,&quot;isLinked&quot;:true},&quot;element_pack_global_tooltip_padding_mobile&quot;:{&quot;unit&quot;:&quot;px&quot;,&quot;top&quot;:&quot;&quot;,&quot;right&quot;:&quot;&quot;,&quot;bottom&quot;:&quot;&quot;,&quot;left&quot;:&quot;&quot;,&quot;isLinked&quot;:true},&quot;element_pack_global_tooltip_border_radius&quot;:{&quot;unit&quot;:&quot;px&quot;,&quot;top&quot;:&quot;&quot;,&quot;right&quot;:&quot;&quot;,&quot;bottom&quot;:&quot;&quot;,&quot;left&quot;:&quot;&quot;,&quot;isLinked&quot;:true},&quot;element_pack_global_tooltip_border_radius_tablet&quot;:{&quot;unit&quot;:&quot;px&quot;,&quot;top&quot;:&quot;&quot;,&quot;right&quot;:&quot;&quot;,&quot;bottom&quot;:&quot;&quot;,&quot;left&quot;:&quot;&quot;,&quot;isLinked&quot;:true},&quot;element_pack_global_tooltip_border_radius_mobile&quot;:{&quot;unit&quot;:&quot;px&quot;,&quot;top&quot;:&quot;&quot;,&quot;right&quot;:&quot;&quot;,&quot;bottom&quot;:&quot;&quot;,&quot;left&quot;:&quot;&quot;,&quot;isLinked&quot;:true}}\">\n\t\t\t\t\t\t<section className=\"elementor-section elementor-top-section elementor-element elementor-element-ef7c0a9 elementor-section-full_width elementor-section-height-default elementor-section-height-default\" data-id=\"ef7c0a9\" data-element_type=\"section\">\n\t\t\t\t\t\t<div className=\"elementor-container elementor-column-gap-default\">\n\t\t\t\t\t<div className=\"elementor-column elementor-col-100 elementor-top-column elementor-element elementor-element-08bd363\" data-id=\"08bd363\" data-element_type=\"column\">\n\t\t\t<div className=\"elementor-widget-wrap elementor-element-populated\">\n\t\t\t\t\t\t<div className=\"elementor-element elementor-element-788100d elementor-widget__width-initial elementor-widget-mobile__width-inherit elementor-widget elementor-widget-mf-telephone\" data-id=\"788100d\" data-element_type=\"widget\" data-settings=\"{&quot;mf_input_name&quot;:&quot;mf-telephone&quot;}\" data-widget_type=\"mf-telephone.default\">\n\t\t\t\t<div className=\"elementor-widget-container\">\n\t\t\t\r\n\t\t<div className=\"mf-input-wrapper\">\r\n\t\t\t\r\n\t\t\t<input\r\n\t\t\t\ttype=\"tel\"\r\n\t\t\t\tclassName=\"mf-input mf-conditional-input\"\r\n\t\t\t\tid=\"mf-input-telephone-788100d\" \r\n\t\t\t\tname=\"mf-telephone\"\r\n\t\t\t\tplaceholder=\"${ parent.decodeEntities(`Num\u00e9ro de t\u00e9l\u00e9phone`) } \"\r\n\t\t\t\t\t\t\t\t\tonInput=${parent.handleChange}\r\n\t\t\t\t\taria-invalid=${validation.errors['mf-telephone'] ? 'true' : 'false'}\r\n\t\t\t\t\tref=${el => parent.activateValidation({\"message\":\"This field is required.\",\"minLength\":1,\"maxLength\":\"\",\"type\":\"none\",\"required\":false,\"expression\":\"null\"}, el)}\r\n\t\t\t\t\t\t\t\t\/>\r\n\t\t\t\r\n\t\t\t\t\t\t\t<${validation.ErrorMessage}\r\n\t\t\t\t\terrors=${validation.errors}\r\n\t\t\t\t\tname=\"mf-telephone\"\r\n\t\t\t\t\tas=${html`<span className=\"mf-error-message\"><\/span>`}\r\n\t\t\t\t\t\/>\r\n\t\t\t\r\n\t\t\t\r\n\t\t<\/div>\r\n\r\n\t\t\t\t<\/div>\n\t\t\t\t<\/div>\n\t\t\t\t<div className=\"elementor-element elementor-element-120385c mf-btn--left mf-btn--mobile-justify elementor-widget__width-auto elementor-widget-mobile__width-inherit elementor-widget elementor-widget-mf-button\" data-id=\"120385c\" data-element_type=\"widget\" data-widget_type=\"mf-button.default\">\n\t\t\t\t<div className=\"elementor-widget-container\">\n\t\t\t\r\n\t\t<div className=\"mf-btn-wraper mf-conditional-input\" data-mf-form-conditional-logic-requirement=\"\">\r\r\n\t\t\t\r\n\t\t\t\t<button type=\"submit\" className=\"metform-btn metform-submit-btn \" id=\"\">\r\r\n\t\t\t\t\t<span>${ parent.decodeEntities(`Appelez-moi`) } <\/span>\r\r\n\t\t\t\t<\/button>\r\r\n\t\t\t\r\n        <\/div>\r\r\n        \t\t<\/div>\n\t\t\t\t<\/div>\n\t\t\t\t\t<\/div>\n\t\t<\/div>\n\t\t\t\t\t<\/div>\n\t\t<\/section>\n\t\t\t\t<\/div>\n\t\t\r\n\t\t\t\t\t`}\r\r\n\t\t\t\t\t<\/div>\r\r\n\r\r\n\t\t\t\t\t${is_dummy_markup ? message_position === 'bottom' ? props.ResponseDummyMarkup(message_successIcon, message_proClass) : '' : ''}\r\r\n\t\t\t\t\t${is_dummy_markup ? ' ' : message_position === 'bottom' ? props.SubmitResponseMarkup`${parent}${state}${message_successIcon}${message_errorIcon}${message_proClass}` : ''}\r\r\n\t\t\t\t\r\r\n\t\t\t\t<\/form>\r\r\n\t\t\t`\r\r\n\t\t<\/script>\r\r\n\r\r\n\t\t\t\t\t<\/div>\r\n\t\t<\/div>\r\n\t\t<\/div>\t\t<\/div>\n\t\t\t\t<\/div>\n\t\t\t\t\t<\/div>\n\t\t<\/div>\n\t\t\t\t\t<\/div>\n\t\t<\/section>\n\t\t\t\t<\/div>","protected":false},"excerpt":{"rendered":"<p>La Ligne De Vie Verticale LA LIGNE DE VIE VERTICALE s\u2019inscrit dans la norme EN 353. Cette norme porte sur le syst\u00e8me [&hellip;]<\/p>","protected":false},"author":1,"featured_media":0,"parent":0,"menu_order":0,"comment_status":"closed","ping_status":"closed","template":"","meta":{"footnotes":""},"class_list":["post-799","page","type-page","status-publish","hentry"],"yoast_head":"<!-- This site is optimized with the Yoast SEO plugin v23.6 - https:\/\/yoast.com\/wordpress\/plugins\/seo\/ -->\n<title>Lignes de vie verticales - Fores Safety<\/title>\n<meta name=\"robots\" content=\"index, follow, max-snippet:-1, max-image-preview:large, max-video-preview:-1\" \/>\n<link rel=\"canonical\" href=\"https:\/\/stop-chute-hauteur.com\/en\/lignes-de-vie-verticales\/\" \/>\n<meta property=\"og:locale\" content=\"en_US\" \/>\n<meta property=\"og:type\" content=\"article\" \/>\n<meta property=\"og:title\" content=\"Lignes de vie verticales - Fores Safety\" \/>\n<meta property=\"og:description\" content=\"La Ligne De Vie Verticale LA LIGNE DE VIE VERTICALE s\u2019inscrit dans la norme EN 353. Cette norme porte sur le syst\u00e8me [&hellip;]\" \/>\n<meta property=\"og:url\" content=\"https:\/\/stop-chute-hauteur.com\/en\/lignes-de-vie-verticales\/\" \/>\n<meta property=\"og:site_name\" content=\"Fores Safety\" \/>\n<meta property=\"article:modified_time\" content=\"2024-10-12T10:50:19+00:00\" \/>\n<meta property=\"og:image\" content=\"https:\/\/stop-chute-hauteur.com\/wp-content\/uploads\/2024\/10\/1-1-1-1.jpg\" \/>\n<meta name=\"twitter:card\" content=\"summary_large_image\" \/>\n<meta name=\"twitter:label1\" content=\"Est. reading time\" \/>\n\t<meta name=\"twitter:data1\" content=\"1 minute\" \/>\n<script type=\"application\/ld+json\" class=\"yoast-schema-graph\">{\"@context\":\"https:\/\/schema.org\",\"@graph\":[{\"@type\":\"WebPage\",\"@id\":\"https:\/\/stop-chute-hauteur.com\/lignes-de-vie-verticales\/\",\"url\":\"https:\/\/stop-chute-hauteur.com\/lignes-de-vie-verticales\/\",\"name\":\"Lignes de vie verticales - Fores Safety\",\"isPartOf\":{\"@id\":\"https:\/\/stop-chute-hauteur.com\/#website\"},\"primaryImageOfPage\":{\"@id\":\"https:\/\/stop-chute-hauteur.com\/lignes-de-vie-verticales\/#primaryimage\"},\"image\":{\"@id\":\"https:\/\/stop-chute-hauteur.com\/lignes-de-vie-verticales\/#primaryimage\"},\"thumbnailUrl\":\"https:\/\/stop-chute-hauteur.com\/wp-content\/uploads\/2024\/10\/1-1-1-1.jpg\",\"datePublished\":\"2024-10-12T10:49:51+00:00\",\"dateModified\":\"2024-10-12T10:50:19+00:00\",\"breadcrumb\":{\"@id\":\"https:\/\/stop-chute-hauteur.com\/lignes-de-vie-verticales\/#breadcrumb\"},\"inLanguage\":\"en-US\",\"potentialAction\":[{\"@type\":\"ReadAction\",\"target\":[\"https:\/\/stop-chute-hauteur.com\/lignes-de-vie-verticales\/\"]}]},{\"@type\":\"ImageObject\",\"inLanguage\":\"en-US\",\"@id\":\"https:\/\/stop-chute-hauteur.com\/lignes-de-vie-verticales\/#primaryimage\",\"url\":\"https:\/\/stop-chute-hauteur.com\/wp-content\/uploads\/2024\/10\/1-1-1-1.jpg\",\"contentUrl\":\"https:\/\/stop-chute-hauteur.com\/wp-content\/uploads\/2024\/10\/1-1-1-1.jpg\"},{\"@type\":\"BreadcrumbList\",\"@id\":\"https:\/\/stop-chute-hauteur.com\/lignes-de-vie-verticales\/#breadcrumb\",\"itemListElement\":[{\"@type\":\"ListItem\",\"position\":1,\"name\":\"Accueil\",\"item\":\"https:\/\/stop-chute-hauteur.com\/\"},{\"@type\":\"ListItem\",\"position\":2,\"name\":\"Lignes de vie verticales\"}]},{\"@type\":\"WebSite\",\"@id\":\"https:\/\/stop-chute-hauteur.com\/#website\",\"url\":\"https:\/\/stop-chute-hauteur.com\/\",\"name\":\"Fores Safety\",\"description\":\"Height Specialists\",\"publisher\":{\"@id\":\"https:\/\/stop-chute-hauteur.com\/#organization\"},\"potentialAction\":[{\"@type\":\"SearchAction\",\"target\":{\"@type\":\"EntryPoint\",\"urlTemplate\":\"https:\/\/stop-chute-hauteur.com\/?s={search_term_string}\"},\"query-input\":{\"@type\":\"PropertyValueSpecification\",\"valueRequired\":true,\"valueName\":\"search_term_string\"}}],\"inLanguage\":\"en-US\"},{\"@type\":\"Organization\",\"@id\":\"https:\/\/stop-chute-hauteur.com\/#organization\",\"name\":\"Fores Safety\",\"url\":\"https:\/\/stop-chute-hauteur.com\/\",\"logo\":{\"@type\":\"ImageObject\",\"inLanguage\":\"en-US\",\"@id\":\"https:\/\/stop-chute-hauteur.com\/#\/schema\/logo\/image\/\",\"url\":\"https:\/\/stop-chute-hauteur.com\/wp-content\/uploads\/2024\/10\/logo-fores-fr.png\",\"contentUrl\":\"https:\/\/stop-chute-hauteur.com\/wp-content\/uploads\/2024\/10\/logo-fores-fr.png\",\"width\":324,\"height\":75,\"caption\":\"Fores Safety\"},\"image\":{\"@id\":\"https:\/\/stop-chute-hauteur.com\/#\/schema\/logo\/image\/\"}}]}<\/script>\n<!-- \/ Yoast SEO plugin. -->","yoast_head_json":{"title":"Lignes de vie verticales - Fores Safety","robots":{"index":"index","follow":"follow","max-snippet":"max-snippet:-1","max-image-preview":"max-image-preview:large","max-video-preview":"max-video-preview:-1"},"canonical":"https:\/\/stop-chute-hauteur.com\/en\/lignes-de-vie-verticales\/","og_locale":"en_US","og_type":"article","og_title":"Lignes de vie verticales - Fores Safety","og_description":"La Ligne De Vie Verticale LA LIGNE DE VIE VERTICALE s\u2019inscrit dans la norme EN 353. Cette norme porte sur le syst\u00e8me [&hellip;]","og_url":"https:\/\/stop-chute-hauteur.com\/en\/lignes-de-vie-verticales\/","og_site_name":"Fores Safety","article_modified_time":"2024-10-12T10:50:19+00:00","og_image":[{"url":"https:\/\/stop-chute-hauteur.com\/wp-content\/uploads\/2024\/10\/1-1-1-1.jpg"}],"twitter_card":"summary_large_image","twitter_misc":{"Est. reading time":"1 minute"},"schema":{"@context":"https:\/\/schema.org","@graph":[{"@type":"WebPage","@id":"https:\/\/stop-chute-hauteur.com\/lignes-de-vie-verticales\/","url":"https:\/\/stop-chute-hauteur.com\/lignes-de-vie-verticales\/","name":"Lignes de vie verticales - Fores Safety","isPartOf":{"@id":"https:\/\/stop-chute-hauteur.com\/#website"},"primaryImageOfPage":{"@id":"https:\/\/stop-chute-hauteur.com\/lignes-de-vie-verticales\/#primaryimage"},"image":{"@id":"https:\/\/stop-chute-hauteur.com\/lignes-de-vie-verticales\/#primaryimage"},"thumbnailUrl":"https:\/\/stop-chute-hauteur.com\/wp-content\/uploads\/2024\/10\/1-1-1-1.jpg","datePublished":"2024-10-12T10:49:51+00:00","dateModified":"2024-10-12T10:50:19+00:00","breadcrumb":{"@id":"https:\/\/stop-chute-hauteur.com\/lignes-de-vie-verticales\/#breadcrumb"},"inLanguage":"en-US","potentialAction":[{"@type":"ReadAction","target":["https:\/\/stop-chute-hauteur.com\/lignes-de-vie-verticales\/"]}]},{"@type":"ImageObject","inLanguage":"en-US","@id":"https:\/\/stop-chute-hauteur.com\/lignes-de-vie-verticales\/#primaryimage","url":"https:\/\/stop-chute-hauteur.com\/wp-content\/uploads\/2024\/10\/1-1-1-1.jpg","contentUrl":"https:\/\/stop-chute-hauteur.com\/wp-content\/uploads\/2024\/10\/1-1-1-1.jpg"},{"@type":"BreadcrumbList","@id":"https:\/\/stop-chute-hauteur.com\/lignes-de-vie-verticales\/#breadcrumb","itemListElement":[{"@type":"ListItem","position":1,"name":"Accueil","item":"https:\/\/stop-chute-hauteur.com\/"},{"@type":"ListItem","position":2,"name":"Lignes de vie verticales"}]},{"@type":"WebSite","@id":"https:\/\/stop-chute-hauteur.com\/#website","url":"https:\/\/stop-chute-hauteur.com\/","name":"Fores Safety","description":"Height Specialists","publisher":{"@id":"https:\/\/stop-chute-hauteur.com\/#organization"},"potentialAction":[{"@type":"SearchAction","target":{"@type":"EntryPoint","urlTemplate":"https:\/\/stop-chute-hauteur.com\/?s={search_term_string}"},"query-input":{"@type":"PropertyValueSpecification","valueRequired":true,"valueName":"search_term_string"}}],"inLanguage":"en-US"},{"@type":"Organization","@id":"https:\/\/stop-chute-hauteur.com\/#organization","name":"Fores Safety","url":"https:\/\/stop-chute-hauteur.com\/","logo":{"@type":"ImageObject","inLanguage":"en-US","@id":"https:\/\/stop-chute-hauteur.com\/#\/schema\/logo\/image\/","url":"https:\/\/stop-chute-hauteur.com\/wp-content\/uploads\/2024\/10\/logo-fores-fr.png","contentUrl":"https:\/\/stop-chute-hauteur.com\/wp-content\/uploads\/2024\/10\/logo-fores-fr.png","width":324,"height":75,"caption":"Fores Safety"},"image":{"@id":"https:\/\/stop-chute-hauteur.com\/#\/schema\/logo\/image\/"}}]}},"_links":{"self":[{"href":"https:\/\/stop-chute-hauteur.com\/en\/wp-json\/wp\/v2\/pages\/799","targetHints":{"allow":["GET"]}}],"collection":[{"href":"https:\/\/stop-chute-hauteur.com\/en\/wp-json\/wp\/v2\/pages"}],"about":[{"href":"https:\/\/stop-chute-hauteur.com\/en\/wp-json\/wp\/v2\/types\/page"}],"author":[{"embeddable":true,"href":"https:\/\/stop-chute-hauteur.com\/en\/wp-json\/wp\/v2\/users\/1"}],"replies":[{"embeddable":true,"href":"https:\/\/stop-chute-hauteur.com\/en\/wp-json\/wp\/v2\/comments?post=799"}],"version-history":[{"count":4,"href":"https:\/\/stop-chute-hauteur.com\/en\/wp-json\/wp\/v2\/pages\/799\/revisions"}],"predecessor-version":[{"id":803,"href":"https:\/\/stop-chute-hauteur.com\/en\/wp-json\/wp\/v2\/pages\/799\/revisions\/803"}],"wp:attachment":[{"href":"https:\/\/stop-chute-hauteur.com\/en\/wp-json\/wp\/v2\/media?parent=799"}],"curies":[{"name":"wp","href":"https:\/\/api.w.org\/{rel}","templated":true}]}}